{"id":34,"date":"2012-06-19T16:09:12","date_gmt":"2012-06-19T14:09:12","guid":{"rendered":"http:\/\/www.junior-tshaka.com\/wp\/?page_id=34"},"modified":"2025-12-01T15:24:39","modified_gmt":"2025-12-01T13:24:39","slug":"bio","status":"publish","type":"page","link":"https:\/\/www.junior-tshaka.com\/wp\/?page_id=34","title":{"rendered":"BIO"},"content":{"rendered":"\n<p>(Fran\u00e7ais, Deutsch, Italiano, English)<\/p>\n\n\n\n<p><strong>FRANCAIS<\/strong><\/p>\n\n\n<div class=\"page\" title=\"Page 2\">\n<div class=\"section\">\n<div class=\"layoutArea\">\n<div class=\"column\">\n<p>Tre\u0300s actif depuis le de\u0301but des anne\u0301es 2000, Junior Tshaka s\u2019est rapidement impose\u0301 dans les diffe\u0301rentes re\u0301gions de son pays, de\u0301montrant au passage que la langue n\u2019est pas un barrage au partage de la musique. Vainqueur en 2009 de l\u2019European Reggae Contest d\u2019Udine, l\u2019artiste neucha\u0302telois transmet aujourd\u2019hui son message dans le monde entier.<\/p>\n<p>Junior Tshaka est un artiste charismatique qui distille un reggae militant et rassembleur. Il chante des valeurs universelles en toute since\u0301rite\u0301 et aborde avec des mots simples ses convictions sur l\u2019e\u0301tat de la plane\u0300te. Ses paroles, entre douceur et engagement, font mouche. En solo, en petite formation acoustique ou avec son groupe au complet, les concerts de Junior Tshaka sont riches en e\u0301motion et partage.<\/p>\n<p>Avec 7 albums a\u0300 son actif et des collaborations avec des grands noms du reggae international (Rico Rodriguez, Tiken Jah Fakoly, Didier Awadi, Sinsemilia, Dub Inc, Leroy \u00ab Horsemouth \u00bb Wallace, &#8230;), l\u2019artiste a joue\u0301 plus de 600 concerts dans 26 pays diffe\u0301rents, du Se\u0301ne\u0301gal au Bre\u0301sil en passant par la Chine et l\u2019Iran.<\/p>\n<p>Son premier projet sort en 2005 sous la forme d\u2019un album acoustique a\u0300 3 guitares intitule\u0301 \u00ab Juste un peu de lumie\u0300re \u00bb. Il le pre\u0301sente au public sur la grande sce\u0300ne de Festineuch. Le soir me\u0302me il remonte sur sce\u0300ne pour un featuring lors du concert de Tiken Jah Fakoly, artiste reggae dont il est un tre\u0300s grand fan. Cette soire\u0301e et le retour tre\u0300s positif du public allumeront de\u0301finitivement une flamme qui ne s\u2019est pas e\u0301teinte depuis. L\u2019aventure commence!<\/p>\n<p>En 2007, il joue dans toute la France en premie\u0300re-partie de Rike\u0301 (Sinsemilia) pour pre\u0301senter son album \u00ab La Jungle \u00bb, produit par Echo Prod, le label de Mike, l\u2019autre chanteur de Sinsemilia. En 2009, il sort \u00ab Il est temps&#8230; \u00bb (Damp Music) et gagne l\u2019European Reggae Contest organise\u0301 par le Rototom Festival d\u2019Udinese (Italie) obtenant ainsi une tourne\u0301e dans les plus grands festivals reggae d\u2019Europe. A partir de la\u0300, il sera lance\u0301 dans une course permanente entre sorties d\u2019album et tourne\u0301es. En 2013, \u00ab Booste\u0301 par le son \u00bb (Echo Prod) rencontre un joli succe\u0300s avec, entre autres, le morceau \u00ab Comme un oiseau \u00bb. En 2016, c\u2019est \u00ab 360 \u00bb (Damp Music) qui lui permet de continuer sur sa lance\u0301e. En 2020, il sort \u00ab Encore \u00bb en auto production totale. L\u2019album voit malheureusement le jour la semaine du lancement des restrictions sanitaires du\u0302es au COVID et l\u2019album ne pourra donc pas e\u0302tre pre\u0301sente\u0301 comme il aurait me\u0301rite\u0301 de l\u2019e\u0302tre. En 2023, il pre\u0301sente \u00ab Le Bordel \u00bb, un single inspire\u0301 par l\u2019ambiance ressentie durant la pande\u0301mie.<\/p>\n<p>En 2025, Junior Tshaka et son \u00e9quipe f\u00eatent les 20 ans du projet en sortant un nouvel album \u00ab\u00a0Mes propres pas\u00a0\u00bb. Une tourn\u00e9e (avec une nouvelle section cuivres qui apporte une touche suppl\u00e9mentaire au groupe) et plusieurs \u00e9v\u00e9nements sp\u00e9ciaux ont eu lieu dans une ambiance festive. L&rsquo;aventure continue en 2026!<\/p>\n<p>En re\u0301sume\u0301, Junior Tshaka c\u2019est:<\/p>\n<p>&#8211; Un me\u0301lange de reggae, de chanson franc\u0327aise et de rap\u2028 <br \/>&#8211; Des textes en franc\u0327ais, since\u0300res et touchants\u2028<br \/>&#8211; Plus de 600 concerts dans 26 pays diffe\u0301rents\u2028<br \/>&#8211; 1 titre de \u00ab European Reggae Contest Winner \u00bb en 2009\u2028 <br \/>&#8211; 7 albums distribue\u0301s en Suisse et en France\u2028<br \/>&#8211; De nombreux passages radio\/te\u0301le\u0301 et plusieurs morceaux en rotation sur les radios suisses \u2028 <br \/>&#8211; Plus de 2 millions de vues sur sa chaine youtube.<\/p>\n<\/div>\n<\/div>\n<\/div>\n<\/div>\n<p>\u00a0<\/p>\n<p><strong>DEUTSCH<\/strong><\/p>\n<p data-start=\"40\" data-end=\"905\">Seit Anfang der 2000er-Jahre ist Junior Tshaka sehr aktiv und hat sich rasch in den verschiedenen Regionen seines Landes etabliert. Dabei zeigt er immer wieder, dass Sprache kein Hindernis f\u00fcr die gemeinsame Freude an Musik darstellt. Als Gewinner des European Reggae Contest 2009 in Udine tr\u00e4gt der Neuenburger K\u00fcnstler seine Botschaft heute in die ganze Welt hinaus.<br data-start=\"408\" data-end=\"411\" \/>Junior Tshaka ist ein charismatischer K\u00fcnstler, der engagierten und verbindenden Reggae pr\u00e4sentiert. Er singt mit Aufrichtigkeit \u00fcber universelle Werte und bringt seine \u00dcberzeugungen zum Zustand unseres Planeten mit einfachen Worten zum Ausdruck. Seine Texte treffen mit einer Mischung aus Sanftheit und Entschlossenheit mitten ins Herz. Ob solo, in kleiner akustischer Formation oder mit seiner vollst\u00e4ndigen Band \u2013 die Konzerte von Junior Tshaka sind voller Emotionen und geteilter Momente.<\/p>\n<p data-start=\"907\" data-end=\"1240\">Mit 7 ver\u00f6ffentlichten Alben und Zusammenarbeiten mit grossen Namen des internationalen Reggae (Rico Rodriguez, Tiken Jah Fakoly, Didier Awadi, Sinsemilia, Dub Inc, Leroy \u00abHorsemouth\u00bb Wallace, \u2026) hat der K\u00fcnstler mehr als 600 Konzerte in 26 verschiedenen L\u00e4ndern gespielt \u2013 vom Senegal \u00fcber Brasilien bis hin zu China und Iran.<\/p>\n<p data-start=\"1242\" data-end=\"1722\">Sein erstes Projekt erscheint 2005 in Form eines akustischen Albums mit drei Gitarren unter dem Titel \u00abJuste un peu de lumi\u00e8re\u00bb. Er pr\u00e4sentiert es auf der grossen B\u00fchne von Festineuch. Am selben Abend steht er erneut auf der B\u00fchne f\u00fcr ein Featuring beim Konzert von Tiken Jah Fakoly, einem Reggae-K\u00fcnstler, dessen grosser Fan er ist. Dieser Abend und die sehr positive Resonanz des Publikums entfachen endg\u00fcltig eine Flamme, die seither nie erloschen ist. Das Abenteuer beginnt!<\/p>\n<p data-start=\"1724\" data-end=\"2781\">2007 spielt er in ganz Frankreich im Vorprogramm von Rik\u00e9 (Sinsemilia), um sein Album \u00abLa Jungle\u00bb vorzustellen, das von Echo Prod produziert wurde \u2013 dem Label von Mike, dem anderen S\u00e4nger von Sinsemilia. 2009 erscheint \u00abIl est temps\u2026\u00bb (Damp Music), und er gewinnt den vom Rototom Festival in Udine (Italien) organisierten European Reggae Contest, was ihm eine Tour durch die gr\u00f6ssten Reggae-Festivals Europas beschert. Von da an folgt ein st\u00e4ndiger Rhythmus zwischen Albumver\u00f6ffentlichungen und Tourneen. 2013 erscheint \u00abBoost\u00e9 par le son\u00bb (Echo Prod) und feiert einen sch\u00f6nen Erfolg, unter anderem mit dem St\u00fcck \u00abComme un oiseau\u00bb. 2016 erm\u00f6glicht ihm \u00ab360\u00bb (Damp Music), seinen Weg fortzusetzen. 2020 ver\u00f6ffentlicht er \u00abEncore\u00bb als komplette Eigenproduktion. Das Album erscheint leider in der Woche, in der aufgrund von COVID die ersten Gesundheitsmassnahmen eingef\u00fchrt werden, und kann daher nicht so pr\u00e4sentiert werden, wie es verdient h\u00e4tte. 2023 ver\u00f6ffentlicht er mit \u00abLe Bordel\u00bb eine Single, die von der Stimmung w\u00e4hrend der Pandemie inspiriert ist.<\/p>\n<p data-start=\"2783\" data-end=\"3151\">Im Jahr 2025 feiern Junior Tshaka und sein Team das 20-j\u00e4hrige Bestehen des Projekts mit der Ver\u00f6ffentlichung eines neuen Albums, \u00abMes propres pas\u00bb. Eine Tournee \u2013 mit einer neuen Bl\u00e4sersektion, die dem Klang des Ensembles eine zus\u00e4tzliche Note verleiht \u2013 sowie mehrere besondere Veranstaltungen finden in festlicher Atmosph\u00e4re statt. Das Abenteuer geht 2026 weiter!<\/p>\n<p data-start=\"3153\" data-end=\"3199\"><strong data-start=\"3153\" data-end=\"3197\">Zusammengefasst steht Junior Tshaka f\u00fcr:<\/strong><\/p>\n<p data-start=\"3153\" data-end=\"3199\">&#8211; Eine Mischung aus Reggae, franz\u00f6sischem Chanson und Rap<br \/>&#8211; Franz\u00f6sische Texte, ehrlich und ber\u00fchrend<br \/>&#8211; \u00dcber 600 Konzerte in 26 verschiedenen L\u00e4ndern<br \/>&#8211; Gewinner des \u00abEuropean Reggae Contest\u00bb im Jahr 2009<br \/>&#8211; 7 in der Schweiz und in Frankreich ver\u00f6ffentlichte Alben<br \/>&#8211; Zahlreiche Radio- und TV-Auftritte sowie mehrere Songs in Rotation auf Schweizer Radiosendern<br \/>&#8211; \u00dcber 2 Millionen Aufrufe auf seinem YouTube-Kanal<\/p>\n<p>\u00a0<\/p>\n<p><strong>ITALIANO<\/strong><\/p>\n<p data-start=\"39\" data-end=\"746\">Attivo fin dai primi anni 2000, Junior Tshaka si \u00e8 rapidamente affermato nelle diverse regioni del suo paese, dimostrando che la lingua non \u00e8 un ostacolo alla condivisione della musica. Vincitore nel 2009 dell\u2019European Reggae Contest di Udine, l\u2019artista neocastellano porta oggi il suo messaggio in tutto il mondo.<br data-start=\"353\" data-end=\"356\" \/>Junior Tshaka \u00e8 un artista carismatico che propone un reggae impegnato e capace di unire. Canta valori universali con sincerit\u00e0 e esprime con parole semplici le sue convinzioni sullo stato del pianeta. I suoi testi, tra dolcezza e impegno, colpiscono nel segno. Da solo, in piccola formazione acustica o con la sua band al completo, i suoi concerti sono ricchi di emozione e condivisione.<\/p>\n<p data-start=\"748\" data-end=\"1050\">Con 7 album pubblicati e collaborazioni con grandi nomi del reggae internazionale (Rico Rodriguez, Tiken Jah Fakoly, Didier Awadi, Sinsemilia, Dub Inc, Leroy \u00abHorsemouth\u00bb Wallace, \u2026), l\u2019artista ha tenuto pi\u00f9 di 600 concerti in 26 paesi diversi, dal Senegal al Brasile passando per la Cina e l\u2019Iran.<\/p>\n<p data-start=\"1052\" data-end=\"1492\">Il suo primo progetto esce nel 2005 sotto forma di un album acustico a tre chitarre intitolato \u00abJuste un peu de lumi\u00e8re\u00bb. Lo presenta al pubblico sul grande palco di Festineuch. La stessa sera torna sul palco per un featuring durante il concerto di Tiken Jah Fakoly, artista reggae di cui \u00e8 un grande fan. Quella serata e l\u2019ottimo riscontro del pubblico accendono definitivamente una fiamma che non si \u00e8 pi\u00f9 spenta. L\u2019avventura ha inizio!<\/p>\n<p data-start=\"1494\" data-end=\"2481\">Nel 2007 suona in tutta la Francia come apertura dei concerti di Rik\u00e9 (Sinsemilia) per presentare il suo album \u00abLa Jungle\u00bb, prodotto da Echo Prod, l\u2019etichetta di Mike, l\u2019altro cantante dei Sinsemilia. Nel 2009 pubblica \u00abIl est temps\u2026\u00bb (Damp Music) e vince l\u2019European Reggae Contest organizzato dal Rototom Festival di Udine (Italia), ottenendo cos\u00ec un tour nei pi\u00f9 grandi festival reggae d\u2019Europa. Da quel momento entra in un ritmo costante tra nuove uscite e tourn\u00e9e. Nel 2013 \u00abBoost\u00e9 par le son\u00bb (Echo Prod) ottiene un buon successo, in particolare con il brano \u00abComme un oiseau\u00bb. Nel 2016 \u00e8 la volta di \u00ab360\u00bb (Damp Music), che gli permette di proseguire il suo percorso. Nel 2020 pubblica \u00abEncore\u00bb, completamente autoprodotto. Purtroppo l\u2019album esce proprio nella settimana dell\u2019introduzione delle restrizioni sanitarie legate al COVID, e non pu\u00f2 quindi essere presentato come avrebbe meritato. Nel 2023 propone \u00abLe Bordel\u00bb, un singolo ispirato al clima vissuto durante la pandemia.<\/p>\n<p data-start=\"2483\" data-end=\"2796\">Nel 2025, Junior Tshaka e il suo team celebrano i 20 anni del progetto pubblicando un nuovo album, \u00abMes propres pas\u00bb. Una tourn\u00e9e \u2013 arricchita da una nuova sezione fiati che dona una sfumatura ulteriore al gruppo \u2013 e diversi eventi speciali animano l\u2019anno in un\u2019atmosfera festosa. L\u2019avventura prosegue nel 2026!<\/p>\n<p data-start=\"2798\" data-end=\"2832\"><strong data-start=\"2798\" data-end=\"2830\">In sintesi, Junior Tshaka \u00e8:<\/strong><\/p>\n<p data-start=\"2798\" data-end=\"2832\">&#8211; Un mix di reggae, chanson francese e rap<br \/>&#8211; Testi sinceri e toccanti in lingua francese<br \/>&#8211; Pi\u00f9 di 600 concerti in 26 paesi diversi<br \/>&#8211; Vincitore dell\u2019\u00abEuropean Reggae Contest\u00bb nel 2009<br \/>&#8211; 7 album distribuiti in Svizzera e in Francia<br \/>&#8211; Numerose apparizioni radio\/TV e diversi brani in rotazione nelle radio svizzere<br \/>&#8211; Oltre 2 milioni di visualizzazioni sul suo canale YouTube<\/p>\n<p>\u00a0<\/p>\n<p><strong>ENGLISH<\/strong><\/p>\n<p data-start=\"39\" data-end=\"740\">Very active since the early 2000s, Junior Tshaka quickly made a name for himself across the different regions of his country, proving that language is no barrier when it comes to sharing music. Winner of the 2009 European Reggae Contest in Udine, the artist from Neuch\u00e2tel now carries his message worldwide.<br data-start=\"346\" data-end=\"349\" \/>Junior Tshaka is a charismatic performer who delivers committed, unifying reggae. He sings universal values with sincerity and expresses his views on the state of the planet with simple, accessible words. His lyrics, blending gentleness and determination, resonate deeply. Whether solo, in a small acoustic setup, or with his full band, his concerts are filled with emotion and connection.<\/p>\n<p data-start=\"742\" data-end=\"1057\">With 7 albums to his name and collaborations with major figures of international reggae (Rico Rodriguez, Tiken Jah Fakoly, Didier Awadi, Sinsemilia, Dub Inc, Leroy \u201cHorsemouth\u201d Wallace, \u2026), the artist has played more than 600 concerts in 26 different countries, from Senegal to Brazil, including China and Iran.<\/p>\n<p data-start=\"1059\" data-end=\"1499\">His first project was released in 2005 as an acoustic album for three guitars titled <em data-start=\"1144\" data-end=\"1169\">Juste un peu de lumi\u00e8re<\/em>. He presented it to the public on the main stage of Festineuch. That same evening, he returned to the stage for a guest appearance during Tiken Jah Fakoly\u2019s concert \u2014 a reggae artist he has long admired. This moment, along with the audience\u2019s enthusiastic response, ignited a flame that has never gone out. The adventure began!<\/p>\n<p data-start=\"1501\" data-end=\"2459\">In 2007, he toured all over France as the opening act for Rik\u00e9 (Sinsemilia) to introduce his album <em data-start=\"1600\" data-end=\"1611\">La Jungle<\/em>, produced by Echo Prod, the label of Mike, the other singer of Sinsemilia. In 2009, he released <em data-start=\"1708\" data-end=\"1723\">Il est temps\u2026<\/em> (Damp Music) and won the European Reggae Contest organised by the Rototom Festival in Udine (Italy), which granted him a tour of Europe\u2019s biggest reggae festivals. From then on, he embarked on a continuous cycle of new releases and touring. In 2013, <em data-start=\"1974\" data-end=\"1993\">Boost\u00e9 par le son<\/em> (Echo Prod) enjoyed solid success, notably with the song <em data-start=\"2051\" data-end=\"2068\">Comme un oiseau<\/em>. In 2016, <em data-start=\"2079\" data-end=\"2084\">360<\/em>(Damp Music) allowed him to continue on his upward path. In 2020, he released <em data-start=\"2163\" data-end=\"2171\">Encore<\/em>, fully self-produced. Unfortunately, the album came out during the very week when the first COVID-related restrictions were implemented, preventing it from being presented as it deserved. In 2023, he introduced <em data-start=\"2383\" data-end=\"2394\">Le Bordel<\/em>, a single inspired by the atmosphere felt during the pandemic.<\/p>\n<p data-start=\"2461\" data-end=\"2758\">In 2025, Junior Tshaka and his team celebrated the project\u2019s 20th anniversary with the release of a new album, <em data-start=\"2572\" data-end=\"2589\">Mes propres pas<\/em>. A tour \u2014 featuring a new horn section adding an extra touch to the band \u2014 and several special events took place in a festive spirit. The adventure continues in 2026!<\/p>\n<p data-start=\"2760\" data-end=\"2795\"><strong data-start=\"2760\" data-end=\"2793\">In summary, Junior Tshaka is:<\/strong><\/p>\n<p data-start=\"2798\" data-end=\"2841\">&#8211; A blend of reggae, French chanson and rap<br \/>&#8211; Sincere and heartfelt lyrics in French<br \/>&#8211; More than 600 concerts in 26 different countries<br \/>&#8211; Winner of the European Reggae Contest in 2009<br \/>&#8211; 7 albums released in Switzerland and France<br \/>&#8211; Numerous radio\/TV appearances and several tracks in rotation on Swiss radio<br \/>&#8211; More than 2 million views on his YouTube channel<\/p>","protected":false},"excerpt":{"rendered":"<p>(Fran\u00e7ais, Deutsch, Italiano, English) FRANCAIS Tre\u0300s actif depuis le de\u0301but des anne\u0301es 2000, Junior Tshaka s\u2019est rapidement impose\u0301 dans les diffe\u0301rentes re\u0301gions de son pays, de\u0301montrant au passage que la langue n\u2019est pas un barrage au partage de la musique. Vainqueur en 2009 de l\u2019European Reggae Contest d\u2019Udine, l\u2019artiste neucha\u0302telois transmet aujourd\u2019hui son message dans [&hellip;]<\/p>\n","protected":false},"author":2,"featured_media":0,"parent":0,"menu_order":4,"comment_status":"closed","ping_status":"open","template":"","meta":{"_monsterinsights_skip_tracking":false,"_monsterinsights_sitenote_active":false,"_monsterinsights_sitenote_note":"","_monsterinsights_sitenote_category":0,"footnotes":""},"yoast_head":"<!-- This site is optimized with the Yoast SEO plugin v23.5 - https:\/\/yoast.com\/wordpress\/plugins\/seo\/ -->\n<title>BIO - JUNIOR TSHAKA<\/title>\n<meta name=\"robots\" content=\"index, follow, max-snippet:-1, max-image-preview:large, max-video-preview:-1\" \/>\n<link rel=\"canonical\" href=\"https:\/\/www.junior-tshaka.com\/wp\/?page_id=34\" \/>\n<meta property=\"og:locale\" content=\"fr_FR\" \/>\n<meta property=\"og:type\" content=\"article\" \/>\n<meta property=\"og:title\" content=\"BIO - JUNIOR TSHAKA\" \/>\n<meta property=\"og:description\" content=\"(Fran\u00e7ais, Deutsch, Italiano, English) FRANCAIS Tre\u0300s actif depuis le de\u0301but des anne\u0301es 2000, Junior Tshaka s\u2019est rapidement impose\u0301 dans les diffe\u0301rentes re\u0301gions de son pays, de\u0301montrant au passage que la langue n\u2019est pas un barrage au partage de la musique. Vainqueur en 2009 de l\u2019European Reggae Contest d\u2019Udine, l\u2019artiste neucha\u0302telois transmet aujourd\u2019hui son message dans [&hellip;]\" \/>\n<meta property=\"og:url\" content=\"https:\/\/www.junior-tshaka.com\/wp\/?page_id=34\" \/>\n<meta property=\"og:site_name\" content=\"JUNIOR TSHAKA\" \/>\n<meta property=\"article:publisher\" content=\"http:\/\/www.facebook.com\/juniortshaka\" \/>\n<meta property=\"article:modified_time\" content=\"2025-12-01T13:24:39+00:00\" \/>\n<meta name=\"twitter:label1\" content=\"Dur\u00e9e de lecture estim\u00e9e\" \/>\n\t<meta name=\"twitter:data1\" content=\"11 minutes\" \/>\n<script type=\"application\/ld+json\" class=\"yoast-schema-graph\">{\"@context\":\"https:\/\/schema.org\",\"@graph\":[{\"@type\":\"WebPage\",\"@id\":\"https:\/\/www.junior-tshaka.com\/wp\/?page_id=34\",\"url\":\"https:\/\/www.junior-tshaka.com\/wp\/?page_id=34\",\"name\":\"BIO - JUNIOR TSHAKA\",\"isPartOf\":{\"@id\":\"https:\/\/www.junior-tshaka.com\/wp\/#website\"},\"datePublished\":\"2012-06-19T14:09:12+00:00\",\"dateModified\":\"2025-12-01T13:24:39+00:00\",\"breadcrumb\":{\"@id\":\"https:\/\/www.junior-tshaka.com\/wp\/?page_id=34#breadcrumb\"},\"inLanguage\":\"fr-FR\",\"potentialAction\":[{\"@type\":\"ReadAction\",\"target\":[\"https:\/\/www.junior-tshaka.com\/wp\/?page_id=34\"]}]},{\"@type\":\"BreadcrumbList\",\"@id\":\"https:\/\/www.junior-tshaka.com\/wp\/?page_id=34#breadcrumb\",\"itemListElement\":[{\"@type\":\"ListItem\",\"position\":1,\"name\":\"Accueil\",\"item\":\"https:\/\/www.junior-tshaka.com\/wp\/\"},{\"@type\":\"ListItem\",\"position\":2,\"name\":\"BIO\"}]},{\"@type\":\"WebSite\",\"@id\":\"https:\/\/www.junior-tshaka.com\/wp\/#website\",\"url\":\"https:\/\/www.junior-tshaka.com\/wp\/\",\"name\":\"JUNIOR TSHAKA\",\"description\":\"\",\"publisher\":{\"@id\":\"https:\/\/www.junior-tshaka.com\/wp\/#organization\"},\"potentialAction\":[{\"@type\":\"SearchAction\",\"target\":{\"@type\":\"EntryPoint\",\"urlTemplate\":\"https:\/\/www.junior-tshaka.com\/wp\/?s={search_term_string}\"},\"query-input\":{\"@type\":\"PropertyValueSpecification\",\"valueRequired\":true,\"valueName\":\"search_term_string\"}}],\"inLanguage\":\"fr-FR\"},{\"@type\":\"Organization\",\"@id\":\"https:\/\/www.junior-tshaka.com\/wp\/#organization\",\"name\":\"JUNIOR TSHAKA\",\"url\":\"https:\/\/www.junior-tshaka.com\/wp\/\",\"logo\":{\"@type\":\"ImageObject\",\"inLanguage\":\"fr-FR\",\"@id\":\"https:\/\/www.junior-tshaka.com\/wp\/#\/schema\/logo\/image\/\",\"url\":\"https:\/\/www.junior-tshaka.com\/wp\/wp-content\/uploads\/JRT_logo_tag_noir.png\",\"contentUrl\":\"https:\/\/www.junior-tshaka.com\/wp\/wp-content\/uploads\/JRT_logo_tag_noir.png\",\"width\":2113,\"height\":1059,\"caption\":\"JUNIOR TSHAKA\"},\"image\":{\"@id\":\"https:\/\/www.junior-tshaka.com\/wp\/#\/schema\/logo\/image\/\"},\"sameAs\":[\"http:\/\/www.facebook.com\/juniortshaka\"]}]}<\/script>\n<!-- \/ Yoast SEO plugin. -->","yoast_head_json":{"title":"BIO - JUNIOR TSHAKA","robots":{"index":"index","follow":"follow","max-snippet":"max-snippet:-1","max-image-preview":"max-image-preview:large","max-video-preview":"max-video-preview:-1"},"canonical":"https:\/\/www.junior-tshaka.com\/wp\/?page_id=34","og_locale":"fr_FR","og_type":"article","og_title":"BIO - JUNIOR TSHAKA","og_description":"(Fran\u00e7ais, Deutsch, Italiano, English) FRANCAIS Tre\u0300s actif depuis le de\u0301but des anne\u0301es 2000, Junior Tshaka s\u2019est rapidement impose\u0301 dans les diffe\u0301rentes re\u0301gions de son pays, de\u0301montrant au passage que la langue n\u2019est pas un barrage au partage de la musique. Vainqueur en 2009 de l\u2019European Reggae Contest d\u2019Udine, l\u2019artiste neucha\u0302telois transmet aujourd\u2019hui son message dans [&hellip;]","og_url":"https:\/\/www.junior-tshaka.com\/wp\/?page_id=34","og_site_name":"JUNIOR TSHAKA","article_publisher":"http:\/\/www.facebook.com\/juniortshaka","article_modified_time":"2025-12-01T13:24:39+00:00","twitter_misc":{"Dur\u00e9e de lecture estim\u00e9e":"11 minutes"},"schema":{"@context":"https:\/\/schema.org","@graph":[{"@type":"WebPage","@id":"https:\/\/www.junior-tshaka.com\/wp\/?page_id=34","url":"https:\/\/www.junior-tshaka.com\/wp\/?page_id=34","name":"BIO - JUNIOR TSHAKA","isPartOf":{"@id":"https:\/\/www.junior-tshaka.com\/wp\/#website"},"datePublished":"2012-06-19T14:09:12+00:00","dateModified":"2025-12-01T13:24:39+00:00","breadcrumb":{"@id":"https:\/\/www.junior-tshaka.com\/wp\/?page_id=34#breadcrumb"},"inLanguage":"fr-FR","potentialAction":[{"@type":"ReadAction","target":["https:\/\/www.junior-tshaka.com\/wp\/?page_id=34"]}]},{"@type":"BreadcrumbList","@id":"https:\/\/www.junior-tshaka.com\/wp\/?page_id=34#breadcrumb","itemListElement":[{"@type":"ListItem","position":1,"name":"Accueil","item":"https:\/\/www.junior-tshaka.com\/wp\/"},{"@type":"ListItem","position":2,"name":"BIO"}]},{"@type":"WebSite","@id":"https:\/\/www.junior-tshaka.com\/wp\/#website","url":"https:\/\/www.junior-tshaka.com\/wp\/","name":"JUNIOR TSHAKA","description":"","publisher":{"@id":"https:\/\/www.junior-tshaka.com\/wp\/#organization"},"potentialAction":[{"@type":"SearchAction","target":{"@type":"EntryPoint","urlTemplate":"https:\/\/www.junior-tshaka.com\/wp\/?s={search_term_string}"},"query-input":{"@type":"PropertyValueSpecification","valueRequired":true,"valueName":"search_term_string"}}],"inLanguage":"fr-FR"},{"@type":"Organization","@id":"https:\/\/www.junior-tshaka.com\/wp\/#organization","name":"JUNIOR TSHAKA","url":"https:\/\/www.junior-tshaka.com\/wp\/","logo":{"@type":"ImageObject","inLanguage":"fr-FR","@id":"https:\/\/www.junior-tshaka.com\/wp\/#\/schema\/logo\/image\/","url":"https:\/\/www.junior-tshaka.com\/wp\/wp-content\/uploads\/JRT_logo_tag_noir.png","contentUrl":"https:\/\/www.junior-tshaka.com\/wp\/wp-content\/uploads\/JRT_logo_tag_noir.png","width":2113,"height":1059,"caption":"JUNIOR TSHAKA"},"image":{"@id":"https:\/\/www.junior-tshaka.com\/wp\/#\/schema\/logo\/image\/"},"sameAs":["http:\/\/www.facebook.com\/juniortshaka"]}]}},"_links":{"self":[{"href":"https:\/\/www.junior-tshaka.com\/wp\/index.php?rest_route=\/wp\/v2\/pages\/34"}],"collection":[{"href":"https:\/\/www.junior-tshaka.com\/wp\/index.php?rest_route=\/wp\/v2\/pages"}],"about":[{"href":"https:\/\/www.junior-tshaka.com\/wp\/index.php?rest_route=\/wp\/v2\/types\/page"}],"author":[{"embeddable":true,"href":"https:\/\/www.junior-tshaka.com\/wp\/index.php?rest_route=\/wp\/v2\/users\/2"}],"replies":[{"embeddable":true,"href":"https:\/\/www.junior-tshaka.com\/wp\/index.php?rest_route=%2Fwp%2Fv2%2Fcomments&post=34"}],"version-history":[{"count":34,"href":"https:\/\/www.junior-tshaka.com\/wp\/index.php?rest_route=\/wp\/v2\/pages\/34\/revisions"}],"predecessor-version":[{"id":2433,"href":"https:\/\/www.junior-tshaka.com\/wp\/index.php?rest_route=\/wp\/v2\/pages\/34\/revisions\/2433"}],"wp:attachment":[{"href":"https:\/\/www.junior-tshaka.com\/wp\/index.php?rest_route=%2Fwp%2Fv2%2Fmedia&parent=34"}],"curies":[{"name":"wp","href":"https:\/\/api.w.org\/{rel}","templated":true}]}}