{"id":1471,"date":"2022-04-20T14:46:45","date_gmt":"2022-04-20T12:46:45","guid":{"rendered":"http:\/\/www.junior-tshaka.com\/?page_id=1471"},"modified":"2022-04-20T15:30:54","modified_gmt":"2022-04-20T13:30:54","slug":"historique-de-concerts","status":"publish","type":"page","link":"https:\/\/www.junior-tshaka.com\/wp\/?page_id=1471","title":{"rendered":"HISTORIQUE"},"content":{"rendered":"\n<p><\/p>\n\n\n\n<p>Actif depuis 20 ans, Junior Tshaka a donn\u00e9 plus de 600 concerts. <br>Son aventure l\u2019a fait rencontrer les publics d\u2019\u00e0 peu pr\u00e8s toutes les salles et festivals de Suisse Romande (du Paleo Festival au Montreux Jazz Festival en passant par Rock\u2019ozar\u00e8nes, Festineuch ou le Chant du Gros) ainsi que de nombreux concerts en Suisse Al\u00e9manique (Reeds Festival, Lakesplash, Afropfingsten, \u2026)<\/p>\n\n\n\n<p>A l\u2019\u00e9tranger, Junior Tshaka a donn\u00e9 des concerts dans plus de 20 pays diff\u00e9rents: La France est le pays qui a le plus souvent invit\u00e9 le chanteur et son groupe (La Maroquinerie et le Cabaret Sauvage \u00e0 Paris, La Laiterie \u00e0 Strasbourg, Le Reggae SunSka, Le NoLogo Festival, Le Nomade Festival, \u2026). Sa musique a \u00e9galement voyag\u00e9 dans de gros festivals reggae en Slov\u00e9nie, en Espagne, en Pologne, en Italie, en Allemagne et en France suite \u00e0 sa victoire \u00e0 l\u2019European Reggae Contest en 2010. Il a r\u00e9alis\u00e9 une tourn\u00e9e en Chine en 2013 dans 13 villes dont P\u00e9kin, Shanghai, Hong-Kong, Wuhan, \u2026<\/p>\n\n\n\n<p>Il a \u00e9t\u00e9 le premier artiste \u00e0 donner un concert de reggae en Iran (T\u00e9h\u00e9ran), il a jou\u00e9 en Am\u00e9rique du Sud (Br\u00e9sil, P\u00e9rou, Equateur, Uruguay), en Afrique (S\u00e9n\u00e9gal, Burkina Faso, Alg\u00e9rie), en Georgie.<\/p>\n\n\n\n<p>Junior Tshaka et son crew recherchent avant tout un \u00e9change humain lors des concerts qu&rsquo;ils donnent. C\u2019est ainsi qu\u2019ils appr\u00e9cient tout autant de jouer dans de petits lieux intimistes que dans de grandes salles\/festivals.<\/p>\n\n\n\n<p>Pour l&rsquo;historique des albums, rendez-vous sur la page \u00ab\u00a0<a href=\"http:\/\/www.junior-tshaka.com\/?page_id=115\">MUSIQUE<\/a>\u00ab\u00a0<\/p>\n","protected":false},"excerpt":{"rendered":"<p>Actif depuis 20 ans, Junior Tshaka a donn\u00e9 plus de 600 concerts. Son aventure l\u2019a fait rencontrer les publics d\u2019\u00e0 peu pr\u00e8s toutes les salles et festivals de Suisse Romande (du Paleo Festival au Montreux Jazz Festival en passant par Rock\u2019ozar\u00e8nes, Festineuch ou le Chant du Gros) ainsi que de nombreux concerts en Suisse Al\u00e9manique [&hellip;]<\/p>\n","protected":false},"author":2,"featured_media":0,"parent":0,"menu_order":0,"comment_status":"closed","ping_status":"closed","template":"","meta":{"_monsterinsights_skip_tracking":false,"_monsterinsights_sitenote_active":false,"_monsterinsights_sitenote_note":"","_monsterinsights_sitenote_category":0,"footnotes":""},"yoast_head":"<!-- This site is optimized with the Yoast SEO plugin v23.5 - https:\/\/yoast.com\/wordpress\/plugins\/seo\/ -->\n<title>HISTORIQUE - JUNIOR TSHAKA<\/title>\n<meta name=\"robots\" content=\"index, follow, max-snippet:-1, max-image-preview:large, max-video-preview:-1\" \/>\n<link rel=\"canonical\" href=\"https:\/\/www.junior-tshaka.com\/wp\/?page_id=1471\" \/>\n<meta property=\"og:locale\" content=\"fr_FR\" \/>\n<meta property=\"og:type\" content=\"article\" \/>\n<meta property=\"og:title\" content=\"HISTORIQUE - JUNIOR TSHAKA\" \/>\n<meta property=\"og:description\" content=\"Actif depuis 20 ans, Junior Tshaka a donn\u00e9 plus de 600 concerts. Son aventure l\u2019a fait rencontrer les publics d\u2019\u00e0 peu pr\u00e8s toutes les salles et festivals de Suisse Romande (du Paleo Festival au Montreux Jazz Festival en passant par Rock\u2019ozar\u00e8nes, Festineuch ou le Chant du Gros) ainsi que de nombreux concerts en Suisse Al\u00e9manique [&hellip;]\" \/>\n<meta property=\"og:url\" content=\"https:\/\/www.junior-tshaka.com\/wp\/?page_id=1471\" \/>\n<meta property=\"og:site_name\" content=\"JUNIOR TSHAKA\" \/>\n<meta property=\"article:publisher\" content=\"http:\/\/www.facebook.com\/juniortshaka\" \/>\n<meta property=\"article:modified_time\" content=\"2022-04-20T13:30:54+00:00\" \/>\n<meta name=\"twitter:label1\" content=\"Dur\u00e9e de lecture estim\u00e9e\" \/>\n\t<meta name=\"twitter:data1\" content=\"1 minute\" \/>\n<script type=\"application\/ld+json\" class=\"yoast-schema-graph\">{\"@context\":\"https:\/\/schema.org\",\"@graph\":[{\"@type\":\"WebPage\",\"@id\":\"https:\/\/www.junior-tshaka.com\/wp\/?page_id=1471\",\"url\":\"https:\/\/www.junior-tshaka.com\/wp\/?page_id=1471\",\"name\":\"HISTORIQUE - JUNIOR TSHAKA\",\"isPartOf\":{\"@id\":\"https:\/\/www.junior-tshaka.com\/wp\/#website\"},\"datePublished\":\"2022-04-20T12:46:45+00:00\",\"dateModified\":\"2022-04-20T13:30:54+00:00\",\"breadcrumb\":{\"@id\":\"https:\/\/www.junior-tshaka.com\/wp\/?page_id=1471#breadcrumb\"},\"inLanguage\":\"fr-FR\",\"potentialAction\":[{\"@type\":\"ReadAction\",\"target\":[\"https:\/\/www.junior-tshaka.com\/wp\/?page_id=1471\"]}]},{\"@type\":\"BreadcrumbList\",\"@id\":\"https:\/\/www.junior-tshaka.com\/wp\/?page_id=1471#breadcrumb\",\"itemListElement\":[{\"@type\":\"ListItem\",\"position\":1,\"name\":\"Accueil\",\"item\":\"https:\/\/www.junior-tshaka.com\/wp\/\"},{\"@type\":\"ListItem\",\"position\":2,\"name\":\"HISTORIQUE\"}]},{\"@type\":\"WebSite\",\"@id\":\"https:\/\/www.junior-tshaka.com\/wp\/#website\",\"url\":\"https:\/\/www.junior-tshaka.com\/wp\/\",\"name\":\"JUNIOR TSHAKA\",\"description\":\"\",\"publisher\":{\"@id\":\"https:\/\/www.junior-tshaka.com\/wp\/#organization\"},\"potentialAction\":[{\"@type\":\"SearchAction\",\"target\":{\"@type\":\"EntryPoint\",\"urlTemplate\":\"https:\/\/www.junior-tshaka.com\/wp\/?s={search_term_string}\"},\"query-input\":{\"@type\":\"PropertyValueSpecification\",\"valueRequired\":true,\"valueName\":\"search_term_string\"}}],\"inLanguage\":\"fr-FR\"},{\"@type\":\"Organization\",\"@id\":\"https:\/\/www.junior-tshaka.com\/wp\/#organization\",\"name\":\"JUNIOR TSHAKA\",\"url\":\"https:\/\/www.junior-tshaka.com\/wp\/\",\"logo\":{\"@type\":\"ImageObject\",\"inLanguage\":\"fr-FR\",\"@id\":\"https:\/\/www.junior-tshaka.com\/wp\/#\/schema\/logo\/image\/\",\"url\":\"https:\/\/www.junior-tshaka.com\/wp\/wp-content\/uploads\/JRT_logo_tag_noir.png\",\"contentUrl\":\"https:\/\/www.junior-tshaka.com\/wp\/wp-content\/uploads\/JRT_logo_tag_noir.png\",\"width\":2113,\"height\":1059,\"caption\":\"JUNIOR TSHAKA\"},\"image\":{\"@id\":\"https:\/\/www.junior-tshaka.com\/wp\/#\/schema\/logo\/image\/\"},\"sameAs\":[\"http:\/\/www.facebook.com\/juniortshaka\"]}]}<\/script>\n<!-- \/ Yoast SEO plugin. -->","yoast_head_json":{"title":"HISTORIQUE - JUNIOR TSHAKA","robots":{"index":"index","follow":"follow","max-snippet":"max-snippet:-1","max-image-preview":"max-image-preview:large","max-video-preview":"max-video-preview:-1"},"canonical":"https:\/\/www.junior-tshaka.com\/wp\/?page_id=1471","og_locale":"fr_FR","og_type":"article","og_title":"HISTORIQUE - JUNIOR TSHAKA","og_description":"Actif depuis 20 ans, Junior Tshaka a donn\u00e9 plus de 600 concerts. Son aventure l\u2019a fait rencontrer les publics d\u2019\u00e0 peu pr\u00e8s toutes les salles et festivals de Suisse Romande (du Paleo Festival au Montreux Jazz Festival en passant par Rock\u2019ozar\u00e8nes, Festineuch ou le Chant du Gros) ainsi que de nombreux concerts en Suisse Al\u00e9manique [&hellip;]","og_url":"https:\/\/www.junior-tshaka.com\/wp\/?page_id=1471","og_site_name":"JUNIOR TSHAKA","article_publisher":"http:\/\/www.facebook.com\/juniortshaka","article_modified_time":"2022-04-20T13:30:54+00:00","twitter_misc":{"Dur\u00e9e de lecture estim\u00e9e":"1 minute"},"schema":{"@context":"https:\/\/schema.org","@graph":[{"@type":"WebPage","@id":"https:\/\/www.junior-tshaka.com\/wp\/?page_id=1471","url":"https:\/\/www.junior-tshaka.com\/wp\/?page_id=1471","name":"HISTORIQUE - JUNIOR TSHAKA","isPartOf":{"@id":"https:\/\/www.junior-tshaka.com\/wp\/#website"},"datePublished":"2022-04-20T12:46:45+00:00","dateModified":"2022-04-20T13:30:54+00:00","breadcrumb":{"@id":"https:\/\/www.junior-tshaka.com\/wp\/?page_id=1471#breadcrumb"},"inLanguage":"fr-FR","potentialAction":[{"@type":"ReadAction","target":["https:\/\/www.junior-tshaka.com\/wp\/?page_id=1471"]}]},{"@type":"BreadcrumbList","@id":"https:\/\/www.junior-tshaka.com\/wp\/?page_id=1471#breadcrumb","itemListElement":[{"@type":"ListItem","position":1,"name":"Accueil","item":"https:\/\/www.junior-tshaka.com\/wp\/"},{"@type":"ListItem","position":2,"name":"HISTORIQUE"}]},{"@type":"WebSite","@id":"https:\/\/www.junior-tshaka.com\/wp\/#website","url":"https:\/\/www.junior-tshaka.com\/wp\/","name":"JUNIOR TSHAKA","description":"","publisher":{"@id":"https:\/\/www.junior-tshaka.com\/wp\/#organization"},"potentialAction":[{"@type":"SearchAction","target":{"@type":"EntryPoint","urlTemplate":"https:\/\/www.junior-tshaka.com\/wp\/?s={search_term_string}"},"query-input":{"@type":"PropertyValueSpecification","valueRequired":true,"valueName":"search_term_string"}}],"inLanguage":"fr-FR"},{"@type":"Organization","@id":"https:\/\/www.junior-tshaka.com\/wp\/#organization","name":"JUNIOR TSHAKA","url":"https:\/\/www.junior-tshaka.com\/wp\/","logo":{"@type":"ImageObject","inLanguage":"fr-FR","@id":"https:\/\/www.junior-tshaka.com\/wp\/#\/schema\/logo\/image\/","url":"https:\/\/www.junior-tshaka.com\/wp\/wp-content\/uploads\/JRT_logo_tag_noir.png","contentUrl":"https:\/\/www.junior-tshaka.com\/wp\/wp-content\/uploads\/JRT_logo_tag_noir.png","width":2113,"height":1059,"caption":"JUNIOR TSHAKA"},"image":{"@id":"https:\/\/www.junior-tshaka.com\/wp\/#\/schema\/logo\/image\/"},"sameAs":["http:\/\/www.facebook.com\/juniortshaka"]}]}},"_links":{"self":[{"href":"https:\/\/www.junior-tshaka.com\/wp\/index.php?rest_route=\/wp\/v2\/pages\/1471"}],"collection":[{"href":"https:\/\/www.junior-tshaka.com\/wp\/index.php?rest_route=\/wp\/v2\/pages"}],"about":[{"href":"https:\/\/www.junior-tshaka.com\/wp\/index.php?rest_route=\/wp\/v2\/types\/page"}],"author":[{"embeddable":true,"href":"https:\/\/www.junior-tshaka.com\/wp\/index.php?rest_route=\/wp\/v2\/users\/2"}],"replies":[{"embeddable":true,"href":"https:\/\/www.junior-tshaka.com\/wp\/index.php?rest_route=%2Fwp%2Fv2%2Fcomments&post=1471"}],"version-history":[{"count":3,"href":"https:\/\/www.junior-tshaka.com\/wp\/index.php?rest_route=\/wp\/v2\/pages\/1471\/revisions"}],"predecessor-version":[{"id":1479,"href":"https:\/\/www.junior-tshaka.com\/wp\/index.php?rest_route=\/wp\/v2\/pages\/1471\/revisions\/1479"}],"wp:attachment":[{"href":"https:\/\/www.junior-tshaka.com\/wp\/index.php?rest_route=%2Fwp%2Fv2%2Fmedia&parent=1471"}],"curies":[{"name":"wp","href":"https:\/\/api.w.org\/{rel}","templated":true}]}}