{"id":1262,"date":"2020-04-02T18:09:08","date_gmt":"2020-04-02T16:09:08","guid":{"rendered":"http:\/\/www.junior-tshaka.com\/?page_id=1262"},"modified":"2021-08-08T10:14:29","modified_gmt":"2021-08-08T08:14:29","slug":"tv-radio","status":"publish","type":"page","link":"https:\/\/www.junior-tshaka.com\/wp\/?page_id=1262","title":{"rendered":"TV\/Radio"},"content":{"rendered":"\nOn parle de \u00ab\u00a0Encore\u00a0\u00bb \u00e0 la t\u00e9l\u00e9 et \u00e0 la radio:\n<br><br>&#8211; RTS LaPremi\u00e8re: Vertigo 23 juillet 2021<br>\n<iframe src='\/\/tp.srgssr.ch\/p\/srf\/embed?urn=urn:rts:audio:12344836&#038;start=' allowfullscreen width='392' height='58' frameborder='0' name='L'invit\u00e9 : Junior Tshaka, \"Encore\"' allow=\"geolocation *; autoplay; encrypted-media\"><\/iframe>\n<br><br>&#8211; Option Musique: Album suisse de la semaine (du 21 au 25 septembre 2020):\n<br><br>21 septembre 2020 (1\/5)<br>\n<iframe src='\/\/tp.srgssr.ch\/p\/srf\/embed?urn=urn:rts:audio:11583380&#038;start=' allowfullscreen width='392' height='58' frameborder='0' name='Album Suisse' allow=\"geolocation *; autoplay; encrypted-media\"><\/iframe>\n<br><br>22 septembre 2020 (2\/5)<br>\n<iframe src='\/\/tp.srgssr.ch\/p\/srf\/embed?urn=urn:rts:audio:11587290&#038;start=' allowfullscreen width='392' height='58' frameborder='0' name='Album Suisse' allow=\"geolocation *; autoplay; encrypted-media\"><\/iframe>\n<br><br>23 septembre 2020 (3\/5)<br>\n<iframe src='\/\/tp.srgssr.ch\/p\/srf\/embed?urn=urn:rts:audio:11590696&#038;start=' allowfullscreen width='392' height='58' frameborder='0' name='Album Suisse' allow=\"geolocation *; autoplay; encrypted-media\"><\/iframe>\n<br><br>24 septembre 2020 (4\/5)<br>\n<iframe src='\/\/tp.srgssr.ch\/p\/srf\/embed?urn=urn:rts:audio:11593525&#038;start=' allowfullscreen width='392' height='58' frameborder='0' name='Album suisse - Junior Tshaka pr\u00e9sente son nouvel album Encore 4\/5)' allow=\"geolocation *; autoplay; encrypted-media\"><\/iframe>\n<br><br>25 septembre 2020 (5\/5)<br>\n<iframe src='\/\/tp.srgssr.ch\/p\/srf\/embed?urn=urn:rts:audio:11595594&#038;start=' allowfullscreen width='392' height='58' frameborder='0' name='Album suisse - Junior Tshaka pr\u00e9sente son nouvel album Encore (5\/5)' allow=\"geolocation *; autoplay; encrypted-media\"><\/iframe>\n<br><br>\n&#8211; \u00ab\u00a0Journ\u00e9e sp\u00e9ciale Musique suisse\u00a0\u00bb Option Musique (RSR) &#8211; 18 septembre 2020<br>\n<iframe src='\/\/tp.srgssr.ch\/p\/srf\/embed?urn=urn:rts:audio:11577812&#038;start=' allowfullscreen width='392' height='58' frameborder='0' name='Journ\u00e9e sp\u00e9ciale 03' allow=\"geolocation *; autoplay; encrypted-media\"><\/iframe>\n<br><br>\n&#8211; \u00ab\u00a0Le Grand Soir\u00a0\u00bb Radio Suisse Romande La 1\u00e8re &#8211; 1er septembre 2020\n<br>\n<iframe src='\/\/tp.srgssr.ch\/p\/srf\/embed?urn=urn:rts:audio:11539181&#038;start=' allowfullscreen width='392' height='58' frameborder='0' name='Junior Tshaka est un auteur-compositeur-interpr\u00e8te suisse de reggae.' allow=\"geolocation *; autoplay; encrypted-media\"><\/iframe>\n<br><br>\n&#8211; Gin Sonic sur RTN &#8211; le 14 mai 2020<br>\n<a href=\"https:\/\/www.rtn.ch\/rtn\/Programmes\/emissions\/Gin-sonic\/Le-Live-avec-Junior-Tshaka.html\" target=\"_blank\" rel=\"noopener noreferrer\"><img decoding=\"async\" src=\"https:\/\/bnj.blob.core.windows.net\/assets\/Htdocs\/Images\/IF_Content_813\/602298.jpg?puid=2e8dc237-425a-4341-ba0c-637757093338\" alt= \"nom de ton image\"><\/a>\n<br><br>\n&#8211; Le 12h45 de la RTS &#8211; 17 mars 2020\n\n<figure><iframe loading=\"lazy\" src=\"\/\/tp.srgssr.ch\/p\/srf\/embed?urn=urn:rts:video:11172019&amp;start=\" allowfullscreen=\"\" width=\"624\" height=\"351\"><\/iframe><\/figure>\n<br><br>\n&#8211; La Caf\u00e8te (Radio Fribourg) &#8211; 20 mars 2020<br>\n<iframe loading=\"lazy\" width=\"560\" height=\"315\" src=\"https:\/\/www.youtube.com\/embed\/kl8ldsq2qBg\" frameborder=\"0\" allow=\"accelerometer; autoplay; encrypted-media; gyroscope; picture-in-picture\" allowfullscreen><\/iframe><br><br>\n&#8211; Vertigo (RTS La Premi\u00e8re) &#8211; 30 mars 2020\n<br>\n<iframe src='\/\/tp.srgssr.ch\/p\/srf\/embed?urn=urn:rts:audio:11167834&#038;start=' allowfullscreen width='392' height='58' frameborder='0' name='Les bonnes vibrations de Junior Tshaka' allow=\"geolocation *; autoplay; encrypted-media\"><\/iframe><br><br>\n&#8211; Paradiso (RTS La Premi\u00e8re) &#8211; 31 mars 2020<br>\n<iframe src='\/\/tp.srgssr.ch\/p\/srf\/embed?urn=urn:rts:audio:11169978&#038;start=988' allowfullscreen width='392' height='58' frameborder='0' name='Paradiso' allow=\"geolocation *; autoplay; encrypted-media\"><\/iframe><br><br>\n\n\n\n<p><\/p>\n","protected":false},"excerpt":{"rendered":"<p>On parle de \u00ab\u00a0Encore\u00a0\u00bb \u00e0 la t\u00e9l\u00e9 et \u00e0 la radio: &#8211; RTS LaPremi\u00e8re: Vertigo 23 juillet 2021<\/p>\n","protected":false},"author":2,"featured_media":0,"parent":0,"menu_order":0,"comment_status":"closed","ping_status":"closed","template":"","meta":{"_monsterinsights_skip_tracking":false,"_monsterinsights_sitenote_active":false,"_monsterinsights_sitenote_note":"","_monsterinsights_sitenote_category":0,"footnotes":""},"yoast_head":"<!-- This site is optimized with the Yoast SEO plugin v23.5 - https:\/\/yoast.com\/wordpress\/plugins\/seo\/ -->\n<title>TV\/Radio - JUNIOR TSHAKA<\/title>\n<meta name=\"robots\" content=\"index, follow, max-snippet:-1, max-image-preview:large, max-video-preview:-1\" \/>\n<link rel=\"canonical\" href=\"https:\/\/www.junior-tshaka.com\/wp\/?page_id=1262\" \/>\n<meta property=\"og:locale\" content=\"fr_FR\" \/>\n<meta property=\"og:type\" content=\"article\" \/>\n<meta property=\"og:title\" content=\"TV\/Radio - JUNIOR TSHAKA\" \/>\n<meta property=\"og:description\" content=\"On parle de \u00ab\u00a0Encore\u00a0\u00bb \u00e0 la t\u00e9l\u00e9 et \u00e0 la radio: &#8211; RTS LaPremi\u00e8re: Vertigo 23 juillet 2021\" \/>\n<meta property=\"og:url\" content=\"https:\/\/www.junior-tshaka.com\/wp\/?page_id=1262\" \/>\n<meta property=\"og:site_name\" content=\"JUNIOR TSHAKA\" \/>\n<meta property=\"article:publisher\" content=\"http:\/\/www.facebook.com\/juniortshaka\" \/>\n<meta property=\"article:modified_time\" content=\"2021-08-08T08:14:29+00:00\" \/>\n<meta property=\"og:image\" content=\"https:\/\/bnj.blob.core.windows.net\/assets\/Htdocs\/Images\/IF_Content_813\/602298.jpg?puid=2e8dc237-425a-4341-ba0c-637757093338\" \/>\n<script type=\"application\/ld+json\" class=\"yoast-schema-graph\">{\"@context\":\"https:\/\/schema.org\",\"@graph\":[{\"@type\":\"WebPage\",\"@id\":\"https:\/\/www.junior-tshaka.com\/wp\/?page_id=1262\",\"url\":\"https:\/\/www.junior-tshaka.com\/wp\/?page_id=1262\",\"name\":\"TV\/Radio - JUNIOR TSHAKA\",\"isPartOf\":{\"@id\":\"https:\/\/www.junior-tshaka.com\/wp\/#website\"},\"primaryImageOfPage\":{\"@id\":\"https:\/\/www.junior-tshaka.com\/wp\/?page_id=1262#primaryimage\"},\"image\":{\"@id\":\"https:\/\/www.junior-tshaka.com\/wp\/?page_id=1262#primaryimage\"},\"thumbnailUrl\":\"https:\/\/bnj.blob.core.windows.net\/assets\/Htdocs\/Images\/IF_Content_813\/602298.jpg?puid=2e8dc237-425a-4341-ba0c-637757093338\",\"datePublished\":\"2020-04-02T16:09:08+00:00\",\"dateModified\":\"2021-08-08T08:14:29+00:00\",\"breadcrumb\":{\"@id\":\"https:\/\/www.junior-tshaka.com\/wp\/?page_id=1262#breadcrumb\"},\"inLanguage\":\"fr-FR\",\"potentialAction\":[{\"@type\":\"ReadAction\",\"target\":[\"https:\/\/www.junior-tshaka.com\/wp\/?page_id=1262\"]}]},{\"@type\":\"ImageObject\",\"inLanguage\":\"fr-FR\",\"@id\":\"https:\/\/www.junior-tshaka.com\/wp\/?page_id=1262#primaryimage\",\"url\":\"https:\/\/bnj.blob.core.windows.net\/assets\/Htdocs\/Images\/IF_Content_813\/602298.jpg?puid=2e8dc237-425a-4341-ba0c-637757093338\",\"contentUrl\":\"https:\/\/bnj.blob.core.windows.net\/assets\/Htdocs\/Images\/IF_Content_813\/602298.jpg?puid=2e8dc237-425a-4341-ba0c-637757093338\"},{\"@type\":\"BreadcrumbList\",\"@id\":\"https:\/\/www.junior-tshaka.com\/wp\/?page_id=1262#breadcrumb\",\"itemListElement\":[{\"@type\":\"ListItem\",\"position\":1,\"name\":\"Accueil\",\"item\":\"https:\/\/www.junior-tshaka.com\/wp\/\"},{\"@type\":\"ListItem\",\"position\":2,\"name\":\"TV\/Radio\"}]},{\"@type\":\"WebSite\",\"@id\":\"https:\/\/www.junior-tshaka.com\/wp\/#website\",\"url\":\"https:\/\/www.junior-tshaka.com\/wp\/\",\"name\":\"JUNIOR TSHAKA\",\"description\":\"\",\"publisher\":{\"@id\":\"https:\/\/www.junior-tshaka.com\/wp\/#organization\"},\"potentialAction\":[{\"@type\":\"SearchAction\",\"target\":{\"@type\":\"EntryPoint\",\"urlTemplate\":\"https:\/\/www.junior-tshaka.com\/wp\/?s={search_term_string}\"},\"query-input\":{\"@type\":\"PropertyValueSpecification\",\"valueRequired\":true,\"valueName\":\"search_term_string\"}}],\"inLanguage\":\"fr-FR\"},{\"@type\":\"Organization\",\"@id\":\"https:\/\/www.junior-tshaka.com\/wp\/#organization\",\"name\":\"JUNIOR TSHAKA\",\"url\":\"https:\/\/www.junior-tshaka.com\/wp\/\",\"logo\":{\"@type\":\"ImageObject\",\"inLanguage\":\"fr-FR\",\"@id\":\"https:\/\/www.junior-tshaka.com\/wp\/#\/schema\/logo\/image\/\",\"url\":\"https:\/\/www.junior-tshaka.com\/wp\/wp-content\/uploads\/JRT_logo_tag_noir.png\",\"contentUrl\":\"https:\/\/www.junior-tshaka.com\/wp\/wp-content\/uploads\/JRT_logo_tag_noir.png\",\"width\":2113,\"height\":1059,\"caption\":\"JUNIOR TSHAKA\"},\"image\":{\"@id\":\"https:\/\/www.junior-tshaka.com\/wp\/#\/schema\/logo\/image\/\"},\"sameAs\":[\"http:\/\/www.facebook.com\/juniortshaka\"]}]}<\/script>\n<!-- \/ Yoast SEO plugin. -->","yoast_head_json":{"title":"TV\/Radio - JUNIOR TSHAKA","robots":{"index":"index","follow":"follow","max-snippet":"max-snippet:-1","max-image-preview":"max-image-preview:large","max-video-preview":"max-video-preview:-1"},"canonical":"https:\/\/www.junior-tshaka.com\/wp\/?page_id=1262","og_locale":"fr_FR","og_type":"article","og_title":"TV\/Radio - JUNIOR TSHAKA","og_description":"On parle de \u00ab\u00a0Encore\u00a0\u00bb \u00e0 la t\u00e9l\u00e9 et \u00e0 la radio: &#8211; RTS LaPremi\u00e8re: Vertigo 23 juillet 2021","og_url":"https:\/\/www.junior-tshaka.com\/wp\/?page_id=1262","og_site_name":"JUNIOR TSHAKA","article_publisher":"http:\/\/www.facebook.com\/juniortshaka","article_modified_time":"2021-08-08T08:14:29+00:00","og_image":[{"url":"https:\/\/bnj.blob.core.windows.net\/assets\/Htdocs\/Images\/IF_Content_813\/602298.jpg?puid=2e8dc237-425a-4341-ba0c-637757093338"}],"schema":{"@context":"https:\/\/schema.org","@graph":[{"@type":"WebPage","@id":"https:\/\/www.junior-tshaka.com\/wp\/?page_id=1262","url":"https:\/\/www.junior-tshaka.com\/wp\/?page_id=1262","name":"TV\/Radio - JUNIOR TSHAKA","isPartOf":{"@id":"https:\/\/www.junior-tshaka.com\/wp\/#website"},"primaryImageOfPage":{"@id":"https:\/\/www.junior-tshaka.com\/wp\/?page_id=1262#primaryimage"},"image":{"@id":"https:\/\/www.junior-tshaka.com\/wp\/?page_id=1262#primaryimage"},"thumbnailUrl":"https:\/\/bnj.blob.core.windows.net\/assets\/Htdocs\/Images\/IF_Content_813\/602298.jpg?puid=2e8dc237-425a-4341-ba0c-637757093338","datePublished":"2020-04-02T16:09:08+00:00","dateModified":"2021-08-08T08:14:29+00:00","breadcrumb":{"@id":"https:\/\/www.junior-tshaka.com\/wp\/?page_id=1262#breadcrumb"},"inLanguage":"fr-FR","potentialAction":[{"@type":"ReadAction","target":["https:\/\/www.junior-tshaka.com\/wp\/?page_id=1262"]}]},{"@type":"ImageObject","inLanguage":"fr-FR","@id":"https:\/\/www.junior-tshaka.com\/wp\/?page_id=1262#primaryimage","url":"https:\/\/bnj.blob.core.windows.net\/assets\/Htdocs\/Images\/IF_Content_813\/602298.jpg?puid=2e8dc237-425a-4341-ba0c-637757093338","contentUrl":"https:\/\/bnj.blob.core.windows.net\/assets\/Htdocs\/Images\/IF_Content_813\/602298.jpg?puid=2e8dc237-425a-4341-ba0c-637757093338"},{"@type":"BreadcrumbList","@id":"https:\/\/www.junior-tshaka.com\/wp\/?page_id=1262#breadcrumb","itemListElement":[{"@type":"ListItem","position":1,"name":"Accueil","item":"https:\/\/www.junior-tshaka.com\/wp\/"},{"@type":"ListItem","position":2,"name":"TV\/Radio"}]},{"@type":"WebSite","@id":"https:\/\/www.junior-tshaka.com\/wp\/#website","url":"https:\/\/www.junior-tshaka.com\/wp\/","name":"JUNIOR TSHAKA","description":"","publisher":{"@id":"https:\/\/www.junior-tshaka.com\/wp\/#organization"},"potentialAction":[{"@type":"SearchAction","target":{"@type":"EntryPoint","urlTemplate":"https:\/\/www.junior-tshaka.com\/wp\/?s={search_term_string}"},"query-input":{"@type":"PropertyValueSpecification","valueRequired":true,"valueName":"search_term_string"}}],"inLanguage":"fr-FR"},{"@type":"Organization","@id":"https:\/\/www.junior-tshaka.com\/wp\/#organization","name":"JUNIOR TSHAKA","url":"https:\/\/www.junior-tshaka.com\/wp\/","logo":{"@type":"ImageObject","inLanguage":"fr-FR","@id":"https:\/\/www.junior-tshaka.com\/wp\/#\/schema\/logo\/image\/","url":"https:\/\/www.junior-tshaka.com\/wp\/wp-content\/uploads\/JRT_logo_tag_noir.png","contentUrl":"https:\/\/www.junior-tshaka.com\/wp\/wp-content\/uploads\/JRT_logo_tag_noir.png","width":2113,"height":1059,"caption":"JUNIOR TSHAKA"},"image":{"@id":"https:\/\/www.junior-tshaka.com\/wp\/#\/schema\/logo\/image\/"},"sameAs":["http:\/\/www.facebook.com\/juniortshaka"]}]}},"_links":{"self":[{"href":"https:\/\/www.junior-tshaka.com\/wp\/index.php?rest_route=\/wp\/v2\/pages\/1262"}],"collection":[{"href":"https:\/\/www.junior-tshaka.com\/wp\/index.php?rest_route=\/wp\/v2\/pages"}],"about":[{"href":"https:\/\/www.junior-tshaka.com\/wp\/index.php?rest_route=\/wp\/v2\/types\/page"}],"author":[{"embeddable":true,"href":"https:\/\/www.junior-tshaka.com\/wp\/index.php?rest_route=\/wp\/v2\/users\/2"}],"replies":[{"embeddable":true,"href":"https:\/\/www.junior-tshaka.com\/wp\/index.php?rest_route=%2Fwp%2Fv2%2Fcomments&post=1262"}],"version-history":[{"count":19,"href":"https:\/\/www.junior-tshaka.com\/wp\/index.php?rest_route=\/wp\/v2\/pages\/1262\/revisions"}],"predecessor-version":[{"id":1431,"href":"https:\/\/www.junior-tshaka.com\/wp\/index.php?rest_route=\/wp\/v2\/pages\/1262\/revisions\/1431"}],"wp:attachment":[{"href":"https:\/\/www.junior-tshaka.com\/wp\/index.php?rest_route=%2Fwp%2Fv2%2Fmedia&parent=1262"}],"curies":[{"name":"wp","href":"https:\/\/api.w.org\/{rel}","templated":true}]}}